{"id":2203,"date":"2025-03-22T18:11:17","date_gmt":"2025-03-22T17:11:17","guid":{"rendered":"https:\/\/www.atelierdupeyron.com\/?post_type=product&#038;p=2203"},"modified":"2025-03-25T18:25:09","modified_gmt":"2025-03-25T17:25:09","slug":"dans-le-four","status":"publish","type":"product","link":"https:\/\/www.atelierdupeyron.com\/en\/product\/dans-le-four\/","title":{"rendered":"In the kiln"},"content":{"rendered":"<p>Digital photo black &amp; white (12 megapixels) to download. The picture you see on the screen is scaled down.<\/p>\n<p>Photographs I take as I work in the studio.  Sometimes, beauty arrives when you least expect it...<\/p>\n<p>&nbsp;<\/p>\n<p>You will receive two files that will allow you to print in two ranges of formats:<\/p>\n<p><strong>5:7 ratio formats<\/strong><\/p>\n<p>This image is 21 x 29.7 cm. You can print it in A4, A5, A6; or A3 and beyond but with a loss of quality.<\/p>\n<p><strong>2:3 ratio formats\u00a0\u00a0<\/strong><\/p>\n<p>In centimetres: 10 x 15 cm, 15 x 22 cm, 20 x 30 cm, and beyond with a loss of quality (25 x 38 cm, 30 x 45 cm, 40 x 60 cm, 50 x 76 cm, 60 x 90 cm)<br \/>\nIn inches: 4 x 6, 6 x 9 , 8 x 12 (and beyond with a loss of quality 10 x 15 , 12 x 18, 16 x 24 , 20 x 30 , 24 x 36).<\/p>","protected":false},"excerpt":{"rendered":"<p>Photo num\u00e9rique noir et blanc (12 M\u00e9gapixels) \u00e0 t\u00e9l\u00e9charger. L&rsquo;image que vous voyez \u00e0 l&rsquo;\u00e9cran est r\u00e9duite. Des photos que je prends au gr\u00e9 de mon travail \u00e0 l&rsquo;atelier.\u00a0 Parfois, le beau arrive quand on ne l&rsquo;attend pas&#8230; &nbsp; Vous recevrez deux fichiers qui vous permettront d&rsquo;imprimer dans deux gammes de formats : Formats de &hellip;<\/p>\n<p class=\"read-more\"> <a class=\"\" href=\"https:\/\/www.atelierdupeyron.com\/en\/product\/dans-le-four\/\"> <span class=\"screen-reader-text\">In the kiln<\/span> Read More &raquo;<\/a><\/p>","protected":false},"featured_media":2204,"comment_status":"open","ping_status":"closed","template":"","meta":{"_uag_custom_page_level_css":"","_monsterinsights_skip_tracking":false,"_monsterinsights_sitenote_active":false,"_monsterinsights_sitenote_note":"","_monsterinsights_sitenote_category":0,"site-sidebar-layout":"default","site-content-layout":"","ast-site-content-layout":"default","site-content-style":"default","site-sidebar-style":"default","ast-global-header-display":"","ast-banner-title-visibility":"","ast-main-header-display":"","ast-hfb-above-header-display":"","ast-hfb-below-header-display":"","ast-hfb-mobile-header-display":"","site-post-title":"","ast-breadcrumbs-content":"","ast-featured-img":"","footer-sml-layout":"","theme-transparent-header-meta":"default","adv-header-id-meta":"","stick-header-meta":"","header-above-stick-meta":"","header-main-stick-meta":"","header-below-stick-meta":"","astra-migrate-meta-layouts":"set","ast-page-background-enabled":"default","ast-page-background-meta":{"desktop":{"background-color":"","background-image":"","background-repeat":"repeat","background-position":"center center","background-size":"auto","background-attachment":"scroll","background-type":"","background-media":"","overlay-type":"","overlay-color":"","overlay-gradient":""},"tablet":{"background-color":"","background-image":"","background-repeat":"repeat","background-position":"center center","background-size":"auto","background-attachment":"scroll","background-type":"","background-media":"","overlay-type":"","overlay-color":"","overlay-gradient":""},"mobile":{"background-color":"","background-image":"","background-repeat":"repeat","background-position":"center center","background-size":"auto","background-attachment":"scroll","background-type":"","background-media":"","overlay-type":"","overlay-color":"","overlay-gradient":""}},"ast-content-background-meta":{"desktop":{"background-color":"var(--ast-global-color-5)","background-image":"","background-repeat":"repeat","background-position":"center center","background-size":"auto","background-attachment":"scroll","background-type":"","background-media":"","overlay-type":"","overlay-color":"","overlay-gradient":""},"tablet":{"background-color":"var(--ast-global-color-5)","background-image":"","background-repeat":"repeat","background-position":"center center","background-size":"auto","background-attachment":"scroll","background-type":"","background-media":"","overlay-type":"","overlay-color":"","overlay-gradient":""},"mobile":{"background-color":"var(--ast-global-color-5)","background-image":"","background-repeat":"repeat","background-position":"center center","background-size":"auto","background-attachment":"scroll","background-type":"","background-media":"","overlay-type":"","overlay-color":"","overlay-gradient":""}}},"product_brand":[],"product_cat":[53,55],"product_tag":[],"class_list":{"0":"post-2203","1":"product","2":"type-product","3":"status-publish","4":"has-post-thumbnail","6":"product_cat-prints","7":"product_cat-images","8":"desktop-align-left","9":"tablet-align-left","10":"mobile-align-left","12":"first","13":"instock","14":"downloadable","15":"virtual","16":"purchasable","17":"product-type-simple"},"yoast_head":"<!-- This site is optimized with the Yoast SEO plugin v27.5 - https:\/\/yoast.com\/product\/yoast-seo-wordpress\/ -->\n<title>Dans le four - Atelier du Peyron<\/title>\n<meta name=\"robots\" content=\"index, follow, max-snippet:-1, max-image-preview:large, max-video-preview:-1\" \/>\n<link rel=\"canonical\" href=\"https:\/\/www.atelierdupeyron.com\/en\/product\/dans-le-four\/\" \/>\n<meta property=\"og:locale\" content=\"en_US\" \/>\n<meta property=\"og:type\" content=\"article\" \/>\n<meta property=\"og:title\" content=\"Dans le four - Atelier du Peyron\" \/>\n<meta property=\"og:description\" content=\"Photo num\u00e9rique noir et blanc (12 M\u00e9gapixels) \u00e0 t\u00e9l\u00e9charger. L&rsquo;image que vous voyez \u00e0 l&rsquo;\u00e9cran est r\u00e9duite. Des photos que je prends au gr\u00e9 de mon travail \u00e0 l&rsquo;atelier.\u00a0 Parfois, le beau arrive quand on ne l&rsquo;attend pas&#8230; &nbsp; Vous recevrez deux fichiers qui vous permettront d&rsquo;imprimer dans deux gammes de formats : Formats de &hellip; Dans le four Read More &raquo;\" \/>\n<meta property=\"og:url\" content=\"https:\/\/www.atelierdupeyron.com\/en\/product\/dans-le-four\/\" \/>\n<meta property=\"og:site_name\" content=\"Atelier du Peyron\" \/>\n<meta property=\"article:publisher\" content=\"https:\/\/www.facebook.com\/people\/Atelier-du-Peyron\/61555715706113\/\" \/>\n<meta property=\"article:modified_time\" content=\"2025-03-25T17:25:09+00:00\" \/>\n<meta property=\"og:image\" content=\"https:\/\/www.atelierdupeyron.com\/wp-content\/uploads\/2025\/03\/Print-2-3_004-xs.jpg\" \/>\n\t<meta property=\"og:image:width\" content=\"600\" \/>\n\t<meta property=\"og:image:height\" content=\"849\" \/>\n\t<meta property=\"og:image:type\" content=\"image\/jpeg\" \/>\n<meta name=\"twitter:card\" content=\"summary_large_image\" \/>\n<meta name=\"twitter:label1\" content=\"Est. reading time\" \/>\n\t<meta name=\"twitter:data1\" content=\"1 minute\" \/>\n<script type=\"application\/ld+json\" class=\"yoast-schema-graph\">{\"@context\":\"https:\\\/\\\/schema.org\",\"@graph\":[{\"@type\":\"WebPage\",\"@id\":\"https:\\\/\\\/www.atelierdupeyron.com\\\/en\\\/product\\\/dans-le-four\\\/\",\"url\":\"https:\\\/\\\/www.atelierdupeyron.com\\\/en\\\/product\\\/dans-le-four\\\/\",\"name\":\"Dans le four - Atelier du Peyron\",\"isPartOf\":{\"@id\":\"https:\\\/\\\/www.atelierdupeyron.com\\\/#website\"},\"primaryImageOfPage\":{\"@id\":\"https:\\\/\\\/www.atelierdupeyron.com\\\/en\\\/product\\\/dans-le-four\\\/#primaryimage\"},\"image\":{\"@id\":\"https:\\\/\\\/www.atelierdupeyron.com\\\/en\\\/product\\\/dans-le-four\\\/#primaryimage\"},\"thumbnailUrl\":\"https:\\\/\\\/www.atelierdupeyron.com\\\/wp-content\\\/uploads\\\/2025\\\/03\\\/Print-2-3_004-xs.jpg\",\"datePublished\":\"2025-03-22T17:11:17+00:00\",\"dateModified\":\"2025-03-25T17:25:09+00:00\",\"breadcrumb\":{\"@id\":\"https:\\\/\\\/www.atelierdupeyron.com\\\/en\\\/product\\\/dans-le-four\\\/#breadcrumb\"},\"inLanguage\":\"en-US\",\"potentialAction\":[{\"@type\":\"ReadAction\",\"target\":[\"https:\\\/\\\/www.atelierdupeyron.com\\\/en\\\/product\\\/dans-le-four\\\/\"]}]},{\"@type\":\"ImageObject\",\"inLanguage\":\"en-US\",\"@id\":\"https:\\\/\\\/www.atelierdupeyron.com\\\/en\\\/product\\\/dans-le-four\\\/#primaryimage\",\"url\":\"https:\\\/\\\/www.atelierdupeyron.com\\\/wp-content\\\/uploads\\\/2025\\\/03\\\/Print-2-3_004-xs.jpg\",\"contentUrl\":\"https:\\\/\\\/www.atelierdupeyron.com\\\/wp-content\\\/uploads\\\/2025\\\/03\\\/Print-2-3_004-xs.jpg\",\"width\":600,\"height\":849},{\"@type\":\"BreadcrumbList\",\"@id\":\"https:\\\/\\\/www.atelierdupeyron.com\\\/en\\\/product\\\/dans-le-four\\\/#breadcrumb\",\"itemListElement\":[{\"@type\":\"ListItem\",\"position\":1,\"name\":\"Home\",\"item\":\"https:\\\/\\\/www.atelierdupeyron.com\\\/\"},{\"@type\":\"ListItem\",\"position\":2,\"name\":\"Boutique\",\"item\":\"https:\\\/\\\/www.atelierdupeyron.com\\\/boutique\\\/\"},{\"@type\":\"ListItem\",\"position\":3,\"name\":\"Dans le four\"}]},{\"@type\":\"WebSite\",\"@id\":\"https:\\\/\\\/www.atelierdupeyron.com\\\/#website\",\"url\":\"https:\\\/\\\/www.atelierdupeyron.com\\\/\",\"name\":\"Atelier du Peyron\",\"description\":\"C\u00e9ramiques en Valgaudemar\",\"publisher\":{\"@id\":\"https:\\\/\\\/www.atelierdupeyron.com\\\/#organization\"},\"potentialAction\":[{\"@type\":\"SearchAction\",\"target\":{\"@type\":\"EntryPoint\",\"urlTemplate\":\"https:\\\/\\\/www.atelierdupeyron.com\\\/?s={search_term_string}\"},\"query-input\":{\"@type\":\"PropertyValueSpecification\",\"valueRequired\":true,\"valueName\":\"search_term_string\"}}],\"inLanguage\":\"en-US\"},{\"@type\":\"Organization\",\"@id\":\"https:\\\/\\\/www.atelierdupeyron.com\\\/#organization\",\"name\":\"Atelier du Peyron\",\"url\":\"https:\\\/\\\/www.atelierdupeyron.com\\\/\",\"logo\":{\"@type\":\"ImageObject\",\"inLanguage\":\"en-US\",\"@id\":\"https:\\\/\\\/www.atelierdupeyron.com\\\/#\\\/schema\\\/logo\\\/image\\\/\",\"url\":\"https:\\\/\\\/www.atelierdupeyron.com\\\/wp-content\\\/uploads\\\/2023\\\/12\\\/cropped-logo-V3-notext-1.png\",\"contentUrl\":\"https:\\\/\\\/www.atelierdupeyron.com\\\/wp-content\\\/uploads\\\/2023\\\/12\\\/cropped-logo-V3-notext-1.png\",\"width\":375,\"height\":375,\"caption\":\"Atelier du Peyron\"},\"image\":{\"@id\":\"https:\\\/\\\/www.atelierdupeyron.com\\\/#\\\/schema\\\/logo\\\/image\\\/\"},\"sameAs\":[\"https:\\\/\\\/www.facebook.com\\\/people\\\/Atelier-du-Peyron\\\/61555715706113\\\/\",\"https:\\\/\\\/www.instagram.com\\\/atelier_du_peyron\\\/\"]}]}<\/script>\n<!-- \/ Yoast SEO plugin. -->","yoast_head_json":{"title":"Dans le four - Atelier du Peyron","robots":{"index":"index","follow":"follow","max-snippet":"max-snippet:-1","max-image-preview":"max-image-preview:large","max-video-preview":"max-video-preview:-1"},"canonical":"https:\/\/www.atelierdupeyron.com\/en\/product\/dans-le-four\/","og_locale":"en_US","og_type":"article","og_title":"Dans le four - Atelier du Peyron","og_description":"Photo num\u00e9rique noir et blanc (12 M\u00e9gapixels) \u00e0 t\u00e9l\u00e9charger. L&rsquo;image que vous voyez \u00e0 l&rsquo;\u00e9cran est r\u00e9duite. Des photos que je prends au gr\u00e9 de mon travail \u00e0 l&rsquo;atelier.\u00a0 Parfois, le beau arrive quand on ne l&rsquo;attend pas&#8230; &nbsp; Vous recevrez deux fichiers qui vous permettront d&rsquo;imprimer dans deux gammes de formats : Formats de &hellip; Dans le four Read More &raquo;","og_url":"https:\/\/www.atelierdupeyron.com\/en\/product\/dans-le-four\/","og_site_name":"Atelier du Peyron","article_publisher":"https:\/\/www.facebook.com\/people\/Atelier-du-Peyron\/61555715706113\/","article_modified_time":"2025-03-25T17:25:09+00:00","og_image":[{"width":600,"height":849,"url":"https:\/\/www.atelierdupeyron.com\/wp-content\/uploads\/2025\/03\/Print-2-3_004-xs.jpg","type":"image\/jpeg"}],"twitter_card":"summary_large_image","twitter_misc":{"Est. reading time":"1 minute"},"schema":{"@context":"https:\/\/schema.org","@graph":[{"@type":"WebPage","@id":"https:\/\/www.atelierdupeyron.com\/en\/product\/dans-le-four\/","url":"https:\/\/www.atelierdupeyron.com\/en\/product\/dans-le-four\/","name":"Dans le four - Atelier du Peyron","isPartOf":{"@id":"https:\/\/www.atelierdupeyron.com\/#website"},"primaryImageOfPage":{"@id":"https:\/\/www.atelierdupeyron.com\/en\/product\/dans-le-four\/#primaryimage"},"image":{"@id":"https:\/\/www.atelierdupeyron.com\/en\/product\/dans-le-four\/#primaryimage"},"thumbnailUrl":"https:\/\/www.atelierdupeyron.com\/wp-content\/uploads\/2025\/03\/Print-2-3_004-xs.jpg","datePublished":"2025-03-22T17:11:17+00:00","dateModified":"2025-03-25T17:25:09+00:00","breadcrumb":{"@id":"https:\/\/www.atelierdupeyron.com\/en\/product\/dans-le-four\/#breadcrumb"},"inLanguage":"en-US","potentialAction":[{"@type":"ReadAction","target":["https:\/\/www.atelierdupeyron.com\/en\/product\/dans-le-four\/"]}]},{"@type":"ImageObject","inLanguage":"en-US","@id":"https:\/\/www.atelierdupeyron.com\/en\/product\/dans-le-four\/#primaryimage","url":"https:\/\/www.atelierdupeyron.com\/wp-content\/uploads\/2025\/03\/Print-2-3_004-xs.jpg","contentUrl":"https:\/\/www.atelierdupeyron.com\/wp-content\/uploads\/2025\/03\/Print-2-3_004-xs.jpg","width":600,"height":849},{"@type":"BreadcrumbList","@id":"https:\/\/www.atelierdupeyron.com\/en\/product\/dans-le-four\/#breadcrumb","itemListElement":[{"@type":"ListItem","position":1,"name":"Home","item":"https:\/\/www.atelierdupeyron.com\/"},{"@type":"ListItem","position":2,"name":"Boutique","item":"https:\/\/www.atelierdupeyron.com\/boutique\/"},{"@type":"ListItem","position":3,"name":"Dans le four"}]},{"@type":"WebSite","@id":"https:\/\/www.atelierdupeyron.com\/#website","url":"https:\/\/www.atelierdupeyron.com\/","name":"Atelier du Peyron","description":"Ceramics from the Valgaudemar Valley","publisher":{"@id":"https:\/\/www.atelierdupeyron.com\/#organization"},"potentialAction":[{"@type":"SearchAction","target":{"@type":"EntryPoint","urlTemplate":"https:\/\/www.atelierdupeyron.com\/?s={search_term_string}"},"query-input":{"@type":"PropertyValueSpecification","valueRequired":true,"valueName":"search_term_string"}}],"inLanguage":"en-US"},{"@type":"Organization","@id":"https:\/\/www.atelierdupeyron.com\/#organization","name":"Atelier du Peyron","url":"https:\/\/www.atelierdupeyron.com\/","logo":{"@type":"ImageObject","inLanguage":"en-US","@id":"https:\/\/www.atelierdupeyron.com\/#\/schema\/logo\/image\/","url":"https:\/\/www.atelierdupeyron.com\/wp-content\/uploads\/2023\/12\/cropped-logo-V3-notext-1.png","contentUrl":"https:\/\/www.atelierdupeyron.com\/wp-content\/uploads\/2023\/12\/cropped-logo-V3-notext-1.png","width":375,"height":375,"caption":"Atelier du Peyron"},"image":{"@id":"https:\/\/www.atelierdupeyron.com\/#\/schema\/logo\/image\/"},"sameAs":["https:\/\/www.facebook.com\/people\/Atelier-du-Peyron\/61555715706113\/","https:\/\/www.instagram.com\/atelier_du_peyron\/"]}]}},"uagb_featured_image_src":{"full":["https:\/\/www.atelierdupeyron.com\/wp-content\/uploads\/2025\/03\/Print-2-3_004-xs.jpg",600,849,false],"thumbnail":["https:\/\/www.atelierdupeyron.com\/wp-content\/uploads\/2025\/03\/Print-2-3_004-xs-150x150.jpg",150,150,true],"medium":["https:\/\/www.atelierdupeyron.com\/wp-content\/uploads\/2025\/03\/Print-2-3_004-xs-212x300.jpg",212,300,true],"medium_large":["https:\/\/www.atelierdupeyron.com\/wp-content\/uploads\/2025\/03\/Print-2-3_004-xs.jpg",600,849,false],"large":["https:\/\/www.atelierdupeyron.com\/wp-content\/uploads\/2025\/03\/Print-2-3_004-xs.jpg",600,849,false],"1536x1536":["https:\/\/www.atelierdupeyron.com\/wp-content\/uploads\/2025\/03\/Print-2-3_004-xs.jpg",600,849,false],"2048x2048":["https:\/\/www.atelierdupeyron.com\/wp-content\/uploads\/2025\/03\/Print-2-3_004-xs.jpg",600,849,false],"trp-custom-language-flag":["https:\/\/www.atelierdupeyron.com\/wp-content\/uploads\/2025\/03\/Print-2-3_004-xs-8x12.jpg",8,12,true],"woocommerce_thumbnail":["https:\/\/www.atelierdupeyron.com\/wp-content\/uploads\/2025\/03\/Print-2-3_004-xs-300x300.jpg",300,300,true],"woocommerce_single":["https:\/\/www.atelierdupeyron.com\/wp-content\/uploads\/2025\/03\/Print-2-3_004-xs.jpg",600,849,false],"woocommerce_gallery_thumbnail":["https:\/\/www.atelierdupeyron.com\/wp-content\/uploads\/2025\/03\/Print-2-3_004-xs-100x100.jpg",100,100,true]},"uagb_author_info":{"display_name":"atelierdupeyron","author_link":"https:\/\/www.atelierdupeyron.com\/en\/author\/"},"uagb_comment_info":0,"uagb_excerpt":"Photo num\u00e9rique noir et blanc (12 M\u00e9gapixels) \u00e0 t\u00e9l\u00e9charger. L&rsquo;image que vous voyez \u00e0 l&rsquo;\u00e9cran est r\u00e9duite. Des photos que je prends au gr\u00e9 de mon travail \u00e0 l&rsquo;atelier.\u00a0 Parfois, le beau arrive quand on ne l&rsquo;attend pas&#8230; &nbsp; Vous recevrez deux fichiers qui vous permettront d&rsquo;imprimer dans deux gammes de formats : Formats de&hellip;","_links":{"self":[{"href":"https:\/\/www.atelierdupeyron.com\/en\/wp-json\/wp\/v2\/product\/2203","targetHints":{"allow":["GET"]}}],"collection":[{"href":"https:\/\/www.atelierdupeyron.com\/en\/wp-json\/wp\/v2\/product"}],"about":[{"href":"https:\/\/www.atelierdupeyron.com\/en\/wp-json\/wp\/v2\/types\/product"}],"replies":[{"embeddable":true,"href":"https:\/\/www.atelierdupeyron.com\/en\/wp-json\/wp\/v2\/comments?post=2203"}],"wp:featuredmedia":[{"embeddable":true,"href":"https:\/\/www.atelierdupeyron.com\/en\/wp-json\/wp\/v2\/media\/2204"}],"wp:attachment":[{"href":"https:\/\/www.atelierdupeyron.com\/en\/wp-json\/wp\/v2\/media?parent=2203"}],"wp:term":[{"taxonomy":"product_brand","embeddable":true,"href":"https:\/\/www.atelierdupeyron.com\/en\/wp-json\/wp\/v2\/product_brand?post=2203"},{"taxonomy":"product_cat","embeddable":true,"href":"https:\/\/www.atelierdupeyron.com\/en\/wp-json\/wp\/v2\/product_cat?post=2203"},{"taxonomy":"product_tag","embeddable":true,"href":"https:\/\/www.atelierdupeyron.com\/en\/wp-json\/wp\/v2\/product_tag?post=2203"}],"curies":[{"name":"wp","href":"https:\/\/api.w.org\/{rel}","templated":true}]}}