{"id":2284,"date":"2025-03-23T18:38:39","date_gmt":"2025-03-23T17:38:39","guid":{"rendered":"https:\/\/www.atelierdupeyron.com\/?page_id=2284"},"modified":"2025-04-19T15:17:10","modified_gmt":"2025-04-19T14:17:10","slug":"cours","status":"publish","type":"page","link":"https:\/\/www.atelierdupeyron.com\/fr\/cours\/","title":{"rendered":"Cours"},"content":{"rendered":"\n<div style=\"height:60px\" aria-hidden=\"true\" class=\"wp-block-spacer\"><\/div>\n\n\n\n<div class=\"wp-block-uagb-container uagb-block-ea66d803 default uagb-is-root-container\">\n<div class=\"wp-block-uagb-container uagb-block-5c836993\">\n<h5 class=\"wp-block-heading\"><strong>Cours particuliers d\u00e9butants<\/strong><\/h5>\n\n\n\n<p style=\"font-size:12px\">Si vous avez toujours voulu essayer la poterie, mon atelier peut \u00eatre l\u2019endroit id\u00e9al pour commencer votre aventure.<br>La premi\u00e8re \u00e9tape consiste \u00e0 pr\u00e9parer la terre avant le tournage, on la travaille pour l&rsquo;homog\u00e9n\u00e9iser.<br>Ensuite il faut la peser, lancer votre balle d\u2019argile au centre de la girelle du tour, vigoureusement. Il faut alors la centrer, la percer, l&rsquo;\u00e9largir et \u00e9lever la forme, monter la terre du bas vers le haut. C&rsquo;est l\u00e0 que la magie op\u00e8re et que votre premi\u00e8re pi\u00e8ce prend forme.<br>Je vous propose des s\u00e9ances individuelles de tournage, dans un cadre calme dans mon atelier \u00e0 la maison. <\/p>\n\n\n\n<ul style=\"font-size:12px\" class=\"wp-block-list\">\n<li>2h &#8211; 60 \u20ac<\/li>\n\n\n\n<li>4h &#8211; 110 \u20ac<\/li>\n<\/ul>\n\n\n\n<p style=\"font-size:12px\">Pour la 5e session, je vous offre 1h gratuite.<\/p>\n\n\n\n<p><a href=\"https:\/\/www.atelierdupeyron.com\/fr\/product\/cours2h\/\">Vous pouvez payer votre cours en suivant ce lien.<\/a> Avant de payer, <a href=\"mailto:atelierdupeyron@gmail.com\">contactez Magdalena<\/a> pour vous assurer des disponibilit\u00e9s<\/p>\n<\/div>\n\n\n\n<div class=\"wp-block-uagb-container uagb-block-01cc71fe\">\n<figure class=\"wp-block-image aligncenter size-large is-resized has-custom-border\"><img loading=\"lazy\" decoding=\"async\" width=\"768\" height=\"1024\" src=\"https:\/\/www.atelierdupeyron.com\/wp-content\/uploads\/2025\/04\/IMG20250414181647-768x1024.jpg\" alt=\"\" class=\"has-border-color has-ast-global-color-5-border-color wp-image-2395\" style=\"border-width:20px;width:300px\" srcset=\"https:\/\/www.atelierdupeyron.com\/wp-content\/uploads\/2025\/04\/IMG20250414181647-768x1024.jpg 768w, https:\/\/www.atelierdupeyron.com\/wp-content\/uploads\/2025\/04\/IMG20250414181647-225x300.jpg 225w, https:\/\/www.atelierdupeyron.com\/wp-content\/uploads\/2025\/04\/IMG20250414181647-1152x1536.jpg 1152w, https:\/\/www.atelierdupeyron.com\/wp-content\/uploads\/2025\/04\/IMG20250414181647-9x12.jpg 9w, https:\/\/www.atelierdupeyron.com\/wp-content\/uploads\/2025\/04\/IMG20250414181647-600x800.jpg 600w, https:\/\/www.atelierdupeyron.com\/wp-content\/uploads\/2025\/04\/IMG20250414181647.jpg 1440w\" sizes=\"auto, (max-width: 768px) 100vw, 768px\" \/><\/figure>\n<\/div>\n<\/div>\n\n\n\n<div style=\"height:60px\" aria-hidden=\"true\" class=\"wp-block-spacer\"><\/div>\n\n\n\n<div class=\"wp-block-uagb-container uagb-block-666b25cc default uagb-is-root-container\">\n<div class=\"wp-block-uagb-container uagb-block-834ddcd7\">\n<figure class=\"wp-block-image aligncenter size-large is-resized has-custom-border\" style=\"margin-top:0;margin-right:0;margin-bottom:0;margin-left:0\"><img loading=\"lazy\" decoding=\"async\" width=\"1024\" height=\"843\" src=\"https:\/\/www.atelierdupeyron.com\/wp-content\/uploads\/2025\/04\/IMG_20250419_161421-1024x843.jpg\" alt=\"\" class=\"has-border-color has-ast-global-color-5-border-color wp-image-2400\" style=\"border-width:20px;width:400px\" srcset=\"https:\/\/www.atelierdupeyron.com\/wp-content\/uploads\/2025\/04\/IMG_20250419_161421-1024x843.jpg 1024w, https:\/\/www.atelierdupeyron.com\/wp-content\/uploads\/2025\/04\/IMG_20250419_161421-300x247.jpg 300w, https:\/\/www.atelierdupeyron.com\/wp-content\/uploads\/2025\/04\/IMG_20250419_161421-768x632.jpg 768w, https:\/\/www.atelierdupeyron.com\/wp-content\/uploads\/2025\/04\/IMG_20250419_161421-1536x1264.jpg 1536w, https:\/\/www.atelierdupeyron.com\/wp-content\/uploads\/2025\/04\/IMG_20250419_161421-15x12.jpg 15w, https:\/\/www.atelierdupeyron.com\/wp-content\/uploads\/2025\/04\/IMG_20250419_161421-600x494.jpg 600w, https:\/\/www.atelierdupeyron.com\/wp-content\/uploads\/2025\/04\/IMG_20250419_161421.jpg 1920w\" sizes=\"auto, (max-width: 1024px) 100vw, 1024px\" \/><\/figure>\n<\/div>\n\n\n\n<div class=\"wp-block-uagb-container uagb-block-a0be5e77\">\n<h5 class=\"wp-block-heading\"><strong>Cours en duo d\u00e9butants<\/strong><\/h5>\n\n\n\n<p style=\"font-size:12px\">Alors que certaines personnes pr\u00e9f\u00e8rent suivre un cours individuel, d&rsquo;autres s&rsquo;\u00e9panouissent au sein d&rsquo;un groupe.<br>Vous pouvez aussi faire l&rsquo;exp\u00e9rience du tournage en duo si vous souhaitez la partager avec quelqu&rsquo;un. Vous pouvez venir avec votre meilleur.e ami.e, votre partenaire, votre parent ou m\u00eame votre enfant (\u00e0 partir de 12 ans).<\/p>\n\n\n\n<ul style=\"font-size:12px\" class=\"wp-block-list\">\n<li>3h &#8211; 150 \u20ac pour deux<\/li>\n\n\n\n<li>4h &#8211; 200 \u20ac pour deux<\/li>\n<\/ul>\n<\/div>\n<\/div>\n\n\n\n<div style=\"height:60px\" aria-hidden=\"true\" class=\"wp-block-spacer\"><\/div>\n\n\n\n<div class=\"wp-block-uagb-container uagb-block-19a58c85 default uagb-is-root-container\">\n<div class=\"wp-block-uagb-container uagb-block-7418f831\">\n<h5 class=\"wp-block-heading\"><strong>Stage complet de 2 jours<\/strong> <\/h5>\n\n\n\n<p style=\"font-size:12px\">Le travail \u00e0 l&rsquo;atelier ne se r\u00e9duit pas au tournage. Il se passe beaucoup d&rsquo;autres choses. Avant que la boule d&rsquo;argile ne devienne votre tasse \u00e0 caf\u00e9 pr\u00e9f\u00e9r\u00e9e, elle doit passer par 12 \u00e9tapes successives. Si vous souhaitez vivre l&rsquo;exp\u00e9rience compl\u00e8te et fabriquer une tasse que vous pourrez emporter chez vous, cet atelier est fait pour vous.<br>ce cours comprend :<\/p>\n\n\n\n<ul style=\"font-size:12px\" class=\"wp-block-list\">\n<li>Jour 1 : 8h de tournage<\/li>\n\n\n\n<li>Jour 2 : 8h de tournage, tournassage, ajout des poign\u00e9es<\/li>\n<\/ul>\n\n\n\n<p style=\"font-size:12px\">= 360 \u20ac par personne<\/p>\n\n\n\n<p style=\"font-size:12px\"><strong>En option<\/strong><\/p>\n\n\n\n<ul style=\"font-size:12px\" class=\"wp-block-list\">\n<li>Jour 3 (apr\u00e8s le s\u00e9chage et le biscuitage des pi\u00e8ces) : 4h de d\u00e9coration \u00e0 l&rsquo;engobe et \u00e9maillage.<\/li>\n<\/ul>\n\n\n\n<p style=\"font-size:12px\"><br>= 90 \u20ac par personne<br>Si vous d\u00e9cidez de participer au Jour 3, vous pourrez repartir avec vos propres pi\u00e8ces.<\/p>\n<\/div>\n\n\n\n<div class=\"wp-block-uagb-container uagb-block-4de7f889\">\n<figure class=\"wp-block-image aligncenter size-full is-resized has-custom-border\" style=\"margin-top:0;margin-right:0;margin-bottom:0;margin-left:0\"><img loading=\"lazy\" decoding=\"async\" width=\"800\" height=\"800\" src=\"https:\/\/www.atelierdupeyron.com\/wp-content\/uploads\/2025\/03\/IMG_20231215_103450.jpg\" alt=\"\" class=\"has-border-color has-ast-global-color-5-border-color wp-image-2294\" style=\"border-width:20px;width:400px\" srcset=\"https:\/\/www.atelierdupeyron.com\/wp-content\/uploads\/2025\/03\/IMG_20231215_103450.jpg 800w, https:\/\/www.atelierdupeyron.com\/wp-content\/uploads\/2025\/03\/IMG_20231215_103450-300x300.jpg 300w, https:\/\/www.atelierdupeyron.com\/wp-content\/uploads\/2025\/03\/IMG_20231215_103450-150x150.jpg 150w, https:\/\/www.atelierdupeyron.com\/wp-content\/uploads\/2025\/03\/IMG_20231215_103450-768x768.jpg 768w, https:\/\/www.atelierdupeyron.com\/wp-content\/uploads\/2025\/03\/IMG_20231215_103450-12x12.jpg 12w, https:\/\/www.atelierdupeyron.com\/wp-content\/uploads\/2025\/03\/IMG_20231215_103450-600x600.jpg 600w, https:\/\/www.atelierdupeyron.com\/wp-content\/uploads\/2025\/03\/IMG_20231215_103450-100x100.jpg 100w\" sizes=\"auto, (max-width: 800px) 100vw, 800px\" \/><\/figure>\n<\/div>\n<\/div>\n\n\n\n<p><\/p>\n","protected":false},"excerpt":{"rendered":"<p>Cours particuliers d\u00e9butants Si vous avez toujours voulu essayer la poterie, mon atelier peut \u00eatre l\u2019endroit id\u00e9al pour commencer votre aventure.La premi\u00e8re \u00e9tape consiste \u00e0 pr\u00e9parer la terre avant le tournage, on la travaille pour l&rsquo;homog\u00e9n\u00e9iser.Ensuite il faut la peser, lancer votre balle d\u2019argile au centre de la girelle du tour, vigoureusement. Il faut alors &hellip;<\/p>\n<p class=\"read-more\"> <a class=\"\" href=\"https:\/\/www.atelierdupeyron.com\/fr\/cours\/\"> <span class=\"screen-reader-text\">Cours<\/span> Lire la suite\u00a0\u00bb<\/a><\/p>\n","protected":false},"author":1,"featured_media":0,"parent":0,"menu_order":0,"comment_status":"closed","ping_status":"closed","template":"","meta":{"_uag_custom_page_level_css":"","_monsterinsights_skip_tracking":false,"_monsterinsights_sitenote_active":false,"_monsterinsights_sitenote_note":"","_monsterinsights_sitenote_category":0,"site-sidebar-layout":"default","site-content-layout":"","ast-site-content-layout":"default","site-content-style":"default","site-sidebar-style":"default","ast-global-header-display":"","ast-banner-title-visibility":"","ast-main-header-display":"","ast-hfb-above-header-display":"","ast-hfb-below-header-display":"","ast-hfb-mobile-header-display":"","site-post-title":"","ast-breadcrumbs-content":"","ast-featured-img":"","footer-sml-layout":"","theme-transparent-header-meta":"","adv-header-id-meta":"","stick-header-meta":"","header-above-stick-meta":"","header-main-stick-meta":"","header-below-stick-meta":"","astra-migrate-meta-layouts":"set","ast-page-background-enabled":"default","ast-page-background-meta":{"desktop":{"background-color":"","background-image":"","background-repeat":"repeat","background-position":"center center","background-size":"auto","background-attachment":"scroll","background-type":"","background-media":"","overlay-type":"","overlay-color":"","overlay-gradient":""},"tablet":{"background-color":"","background-image":"","background-repeat":"repeat","background-position":"center center","background-size":"auto","background-attachment":"scroll","background-type":"","background-media":"","overlay-type":"","overlay-color":"","overlay-gradient":""},"mobile":{"background-color":"","background-image":"","background-repeat":"repeat","background-position":"center center","background-size":"auto","background-attachment":"scroll","background-type":"","background-media":"","overlay-type":"","overlay-color":"","overlay-gradient":""}},"ast-content-background-meta":{"desktop":{"background-color":"var(--ast-global-color-5)","background-image":"","background-repeat":"repeat","background-position":"center center","background-size":"auto","background-attachment":"scroll","background-type":"","background-media":"","overlay-type":"","overlay-color":"","overlay-gradient":""},"tablet":{"background-color":"var(--ast-global-color-5)","background-image":"","background-repeat":"repeat","background-position":"center center","background-size":"auto","background-attachment":"scroll","background-type":"","background-media":"","overlay-type":"","overlay-color":"","overlay-gradient":""},"mobile":{"background-color":"var(--ast-global-color-5)","background-image":"","background-repeat":"repeat","background-position":"center center","background-size":"auto","background-attachment":"scroll","background-type":"","background-media":"","overlay-type":"","overlay-color":"","overlay-gradient":""}},"footnotes":""},"class_list":["post-2284","page","type-page","status-publish","hentry"],"yoast_head":"<!-- This site is optimized with the Yoast SEO plugin v27.5 - https:\/\/yoast.com\/product\/yoast-seo-wordpress\/ -->\n<title>Cours - Atelier du Peyron<\/title>\n<meta name=\"robots\" content=\"index, follow, max-snippet:-1, max-image-preview:large, max-video-preview:-1\" \/>\n<link rel=\"canonical\" href=\"https:\/\/www.atelierdupeyron.com\/fr\/cours\/\" \/>\n<meta property=\"og:locale\" content=\"fr_FR\" \/>\n<meta property=\"og:type\" content=\"article\" \/>\n<meta property=\"og:title\" content=\"Cours - Atelier du Peyron\" \/>\n<meta property=\"og:description\" content=\"Cours particuliers d\u00e9butants Si vous avez toujours voulu essayer la poterie, mon atelier peut \u00eatre l\u2019endroit id\u00e9al pour commencer votre aventure.La premi\u00e8re \u00e9tape consiste \u00e0 pr\u00e9parer la terre avant le tournage, on la travaille pour l&rsquo;homog\u00e9n\u00e9iser.Ensuite il faut la peser, lancer votre balle d\u2019argile au centre de la girelle du tour, vigoureusement. Il faut alors &hellip; Cours Lire la suite\u00a0\u00bb\" \/>\n<meta property=\"og:url\" content=\"https:\/\/www.atelierdupeyron.com\/fr\/cours\/\" \/>\n<meta property=\"og:site_name\" content=\"Atelier du Peyron\" \/>\n<meta property=\"article:publisher\" content=\"https:\/\/www.facebook.com\/people\/Atelier-du-Peyron\/61555715706113\/\" \/>\n<meta property=\"article:modified_time\" content=\"2025-04-19T14:17:10+00:00\" \/>\n<meta property=\"og:image\" content=\"https:\/\/www.atelierdupeyron.com\/wp-content\/uploads\/2025\/04\/IMG20250414181647-768x1024.jpg\" \/>\n<meta name=\"twitter:card\" content=\"summary_large_image\" \/>\n<meta name=\"twitter:label1\" content=\"Dur\u00e9e de lecture estim\u00e9e\" \/>\n\t<meta name=\"twitter:data1\" content=\"3 minutes\" \/>\n<script type=\"application\/ld+json\" class=\"yoast-schema-graph\">{\"@context\":\"https:\\\/\\\/schema.org\",\"@graph\":[{\"@type\":\"WebPage\",\"@id\":\"https:\\\/\\\/www.atelierdupeyron.com\\\/fr\\\/cours\\\/\",\"url\":\"https:\\\/\\\/www.atelierdupeyron.com\\\/fr\\\/cours\\\/\",\"name\":\"Cours - Atelier du Peyron\",\"isPartOf\":{\"@id\":\"https:\\\/\\\/www.atelierdupeyron.com\\\/#website\"},\"primaryImageOfPage\":{\"@id\":\"https:\\\/\\\/www.atelierdupeyron.com\\\/fr\\\/cours\\\/#primaryimage\"},\"image\":{\"@id\":\"https:\\\/\\\/www.atelierdupeyron.com\\\/fr\\\/cours\\\/#primaryimage\"},\"thumbnailUrl\":\"https:\\\/\\\/www.atelierdupeyron.com\\\/wp-content\\\/uploads\\\/2025\\\/04\\\/IMG20250414181647-768x1024.jpg\",\"datePublished\":\"2025-03-23T17:38:39+00:00\",\"dateModified\":\"2025-04-19T14:17:10+00:00\",\"breadcrumb\":{\"@id\":\"https:\\\/\\\/www.atelierdupeyron.com\\\/fr\\\/cours\\\/#breadcrumb\"},\"inLanguage\":\"fr-FR\",\"potentialAction\":[{\"@type\":\"ReadAction\",\"target\":[\"https:\\\/\\\/www.atelierdupeyron.com\\\/fr\\\/cours\\\/\"]}]},{\"@type\":\"ImageObject\",\"inLanguage\":\"fr-FR\",\"@id\":\"https:\\\/\\\/www.atelierdupeyron.com\\\/fr\\\/cours\\\/#primaryimage\",\"url\":\"https:\\\/\\\/www.atelierdupeyron.com\\\/wp-content\\\/uploads\\\/2025\\\/04\\\/IMG20250414181647-768x1024.jpg\",\"contentUrl\":\"https:\\\/\\\/www.atelierdupeyron.com\\\/wp-content\\\/uploads\\\/2025\\\/04\\\/IMG20250414181647-768x1024.jpg\"},{\"@type\":\"BreadcrumbList\",\"@id\":\"https:\\\/\\\/www.atelierdupeyron.com\\\/fr\\\/cours\\\/#breadcrumb\",\"itemListElement\":[{\"@type\":\"ListItem\",\"position\":1,\"name\":\"Home\",\"item\":\"https:\\\/\\\/www.atelierdupeyron.com\\\/\"},{\"@type\":\"ListItem\",\"position\":2,\"name\":\"Cours\"}]},{\"@type\":\"WebSite\",\"@id\":\"https:\\\/\\\/www.atelierdupeyron.com\\\/#website\",\"url\":\"https:\\\/\\\/www.atelierdupeyron.com\\\/\",\"name\":\"Atelier du Peyron\",\"description\":\"C\u00e9ramiques en Valgaudemar\",\"publisher\":{\"@id\":\"https:\\\/\\\/www.atelierdupeyron.com\\\/#organization\"},\"potentialAction\":[{\"@type\":\"SearchAction\",\"target\":{\"@type\":\"EntryPoint\",\"urlTemplate\":\"https:\\\/\\\/www.atelierdupeyron.com\\\/?s={search_term_string}\"},\"query-input\":{\"@type\":\"PropertyValueSpecification\",\"valueRequired\":true,\"valueName\":\"search_term_string\"}}],\"inLanguage\":\"fr-FR\"},{\"@type\":\"Organization\",\"@id\":\"https:\\\/\\\/www.atelierdupeyron.com\\\/#organization\",\"name\":\"Atelier du Peyron\",\"url\":\"https:\\\/\\\/www.atelierdupeyron.com\\\/\",\"logo\":{\"@type\":\"ImageObject\",\"inLanguage\":\"fr-FR\",\"@id\":\"https:\\\/\\\/www.atelierdupeyron.com\\\/#\\\/schema\\\/logo\\\/image\\\/\",\"url\":\"https:\\\/\\\/www.atelierdupeyron.com\\\/wp-content\\\/uploads\\\/2023\\\/12\\\/cropped-logo-V3-notext-1.png\",\"contentUrl\":\"https:\\\/\\\/www.atelierdupeyron.com\\\/wp-content\\\/uploads\\\/2023\\\/12\\\/cropped-logo-V3-notext-1.png\",\"width\":375,\"height\":375,\"caption\":\"Atelier du Peyron\"},\"image\":{\"@id\":\"https:\\\/\\\/www.atelierdupeyron.com\\\/#\\\/schema\\\/logo\\\/image\\\/\"},\"sameAs\":[\"https:\\\/\\\/www.facebook.com\\\/people\\\/Atelier-du-Peyron\\\/61555715706113\\\/\",\"https:\\\/\\\/www.instagram.com\\\/atelier_du_peyron\\\/\"]}]}<\/script>\n<!-- \/ Yoast SEO plugin. -->","yoast_head_json":{"title":"Cours - Atelier du Peyron","robots":{"index":"index","follow":"follow","max-snippet":"max-snippet:-1","max-image-preview":"max-image-preview:large","max-video-preview":"max-video-preview:-1"},"canonical":"https:\/\/www.atelierdupeyron.com\/fr\/cours\/","og_locale":"fr_FR","og_type":"article","og_title":"Cours - Atelier du Peyron","og_description":"Cours particuliers d\u00e9butants Si vous avez toujours voulu essayer la poterie, mon atelier peut \u00eatre l\u2019endroit id\u00e9al pour commencer votre aventure.La premi\u00e8re \u00e9tape consiste \u00e0 pr\u00e9parer la terre avant le tournage, on la travaille pour l&rsquo;homog\u00e9n\u00e9iser.Ensuite il faut la peser, lancer votre balle d\u2019argile au centre de la girelle du tour, vigoureusement. Il faut alors &hellip; Cours Lire la suite\u00a0\u00bb","og_url":"https:\/\/www.atelierdupeyron.com\/fr\/cours\/","og_site_name":"Atelier du Peyron","article_publisher":"https:\/\/www.facebook.com\/people\/Atelier-du-Peyron\/61555715706113\/","article_modified_time":"2025-04-19T14:17:10+00:00","og_image":[{"url":"https:\/\/www.atelierdupeyron.com\/wp-content\/uploads\/2025\/04\/IMG20250414181647-768x1024.jpg","type":"","width":"","height":""}],"twitter_card":"summary_large_image","twitter_misc":{"Dur\u00e9e de lecture estim\u00e9e":"3 minutes"},"schema":{"@context":"https:\/\/schema.org","@graph":[{"@type":"WebPage","@id":"https:\/\/www.atelierdupeyron.com\/fr\/cours\/","url":"https:\/\/www.atelierdupeyron.com\/fr\/cours\/","name":"Cours - Atelier du Peyron","isPartOf":{"@id":"https:\/\/www.atelierdupeyron.com\/#website"},"primaryImageOfPage":{"@id":"https:\/\/www.atelierdupeyron.com\/fr\/cours\/#primaryimage"},"image":{"@id":"https:\/\/www.atelierdupeyron.com\/fr\/cours\/#primaryimage"},"thumbnailUrl":"https:\/\/www.atelierdupeyron.com\/wp-content\/uploads\/2025\/04\/IMG20250414181647-768x1024.jpg","datePublished":"2025-03-23T17:38:39+00:00","dateModified":"2025-04-19T14:17:10+00:00","breadcrumb":{"@id":"https:\/\/www.atelierdupeyron.com\/fr\/cours\/#breadcrumb"},"inLanguage":"fr-FR","potentialAction":[{"@type":"ReadAction","target":["https:\/\/www.atelierdupeyron.com\/fr\/cours\/"]}]},{"@type":"ImageObject","inLanguage":"fr-FR","@id":"https:\/\/www.atelierdupeyron.com\/fr\/cours\/#primaryimage","url":"https:\/\/www.atelierdupeyron.com\/wp-content\/uploads\/2025\/04\/IMG20250414181647-768x1024.jpg","contentUrl":"https:\/\/www.atelierdupeyron.com\/wp-content\/uploads\/2025\/04\/IMG20250414181647-768x1024.jpg"},{"@type":"BreadcrumbList","@id":"https:\/\/www.atelierdupeyron.com\/fr\/cours\/#breadcrumb","itemListElement":[{"@type":"ListItem","position":1,"name":"Home","item":"https:\/\/www.atelierdupeyron.com\/"},{"@type":"ListItem","position":2,"name":"Cours"}]},{"@type":"WebSite","@id":"https:\/\/www.atelierdupeyron.com\/#website","url":"https:\/\/www.atelierdupeyron.com\/","name":"Atelier du Peyron","description":"C\u00e9ramiques en Valgaudemar","publisher":{"@id":"https:\/\/www.atelierdupeyron.com\/#organization"},"potentialAction":[{"@type":"SearchAction","target":{"@type":"EntryPoint","urlTemplate":"https:\/\/www.atelierdupeyron.com\/?s={search_term_string}"},"query-input":{"@type":"PropertyValueSpecification","valueRequired":true,"valueName":"search_term_string"}}],"inLanguage":"fr-FR"},{"@type":"Organization","@id":"https:\/\/www.atelierdupeyron.com\/#organization","name":"Atelier du Peyron","url":"https:\/\/www.atelierdupeyron.com\/","logo":{"@type":"ImageObject","inLanguage":"fr-FR","@id":"https:\/\/www.atelierdupeyron.com\/#\/schema\/logo\/image\/","url":"https:\/\/www.atelierdupeyron.com\/wp-content\/uploads\/2023\/12\/cropped-logo-V3-notext-1.png","contentUrl":"https:\/\/www.atelierdupeyron.com\/wp-content\/uploads\/2023\/12\/cropped-logo-V3-notext-1.png","width":375,"height":375,"caption":"Atelier du Peyron"},"image":{"@id":"https:\/\/www.atelierdupeyron.com\/#\/schema\/logo\/image\/"},"sameAs":["https:\/\/www.facebook.com\/people\/Atelier-du-Peyron\/61555715706113\/","https:\/\/www.instagram.com\/atelier_du_peyron\/"]}]}},"uagb_featured_image_src":{"full":false,"thumbnail":false,"medium":false,"medium_large":false,"large":false,"1536x1536":false,"2048x2048":false,"trp-custom-language-flag":false,"woocommerce_thumbnail":false,"woocommerce_single":false,"woocommerce_gallery_thumbnail":false},"uagb_author_info":{"display_name":"atelierdupeyron","author_link":"https:\/\/www.atelierdupeyron.com\/fr\/author\/atelierdupeyron\/"},"uagb_comment_info":0,"uagb_excerpt":"Cours particuliers d\u00e9butants Si vous avez toujours voulu essayer la poterie, mon atelier peut \u00eatre l\u2019endroit id\u00e9al pour commencer votre aventure.La premi\u00e8re \u00e9tape consiste \u00e0 pr\u00e9parer la terre avant le tournage, on la travaille pour l&rsquo;homog\u00e9n\u00e9iser.Ensuite il faut la peser, lancer votre balle d\u2019argile au centre de la girelle du tour, vigoureusement. Il faut alors\u2026","_links":{"self":[{"href":"https:\/\/www.atelierdupeyron.com\/fr\/wp-json\/wp\/v2\/pages\/2284","targetHints":{"allow":["GET"]}}],"collection":[{"href":"https:\/\/www.atelierdupeyron.com\/fr\/wp-json\/wp\/v2\/pages"}],"about":[{"href":"https:\/\/www.atelierdupeyron.com\/fr\/wp-json\/wp\/v2\/types\/page"}],"author":[{"embeddable":true,"href":"https:\/\/www.atelierdupeyron.com\/fr\/wp-json\/wp\/v2\/users\/1"}],"replies":[{"embeddable":true,"href":"https:\/\/www.atelierdupeyron.com\/fr\/wp-json\/wp\/v2\/comments?post=2284"}],"version-history":[{"count":25,"href":"https:\/\/www.atelierdupeyron.com\/fr\/wp-json\/wp\/v2\/pages\/2284\/revisions"}],"predecessor-version":[{"id":2401,"href":"https:\/\/www.atelierdupeyron.com\/fr\/wp-json\/wp\/v2\/pages\/2284\/revisions\/2401"}],"wp:attachment":[{"href":"https:\/\/www.atelierdupeyron.com\/fr\/wp-json\/wp\/v2\/media?parent=2284"}],"curies":[{"name":"wp","href":"https:\/\/api.w.org\/{rel}","templated":true}]}}