{"id":606,"date":"2022-12-15T13:52:32","date_gmt":"2022-12-15T13:52:32","guid":{"rendered":"http:\/\/localhost:10004\/home\/"},"modified":"2025-03-25T16:50:48","modified_gmt":"2025-03-25T15:50:48","slug":"accueil","status":"publish","type":"page","link":"https:\/\/www.atelierdupeyron.com\/fr\/","title":{"rendered":"Accueil"},"content":{"rendered":"\n<div class=\"wp-block-uagb-container uagb-block-35587b52 alignfull uagb-is-root-container\"><div class=\"uagb-container-inner-blocks-wrap\">\n<div class=\"wp-block-uagb-container uagb-block-a22393ec\">\n<figure class=\"wp-block-image aligncenter size-large is-resized\"><img loading=\"lazy\" decoding=\"async\" width=\"768\" height=\"1024\" src=\"https:\/\/www.atelierdupeyron.com\/wp-content\/uploads\/2025\/03\/IMG20250305112530-768x1024.jpg\" alt=\"\" class=\"wp-image-2255\" style=\"width:300px\" srcset=\"https:\/\/www.atelierdupeyron.com\/wp-content\/uploads\/2025\/03\/IMG20250305112530-768x1024.jpg 768w, https:\/\/www.atelierdupeyron.com\/wp-content\/uploads\/2025\/03\/IMG20250305112530-225x300.jpg 225w, https:\/\/www.atelierdupeyron.com\/wp-content\/uploads\/2025\/03\/IMG20250305112530-1152x1536.jpg 1152w, https:\/\/www.atelierdupeyron.com\/wp-content\/uploads\/2025\/03\/IMG20250305112530-9x12.jpg 9w, https:\/\/www.atelierdupeyron.com\/wp-content\/uploads\/2025\/03\/IMG20250305112530-600x800.jpg 600w, https:\/\/www.atelierdupeyron.com\/wp-content\/uploads\/2025\/03\/IMG20250305112530.jpg 1440w\" sizes=\"auto, (max-width: 768px) 100vw, 768px\" \/><\/figure>\n<\/div>\n\n\n\n<div class=\"wp-block-uagb-container uagb-block-a460fde2\">\n<p><br><strong>Magdalena Larderet<\/strong><\/p>\n\n\n\n<p><strong><br><\/strong>Une jeune fille qui a toujours voulu essayer la poterie est devenue une femme qui a os\u00e9 se lancer en d\u00e9cembre 2023\u2026 Et elle adore \u00e7a.<br><br>Chaque pi\u00e8ce est une exploration, un dialogue entre le gr\u00e8s et mon imagination. C&rsquo;est dans cette qu\u00eate d&rsquo;authenticit\u00e9 et de spontan\u00e9it\u00e9 que je trouve une profonde satisfaction.<\/p>\n\n\n\n<p><a href=\"https:\/\/www.atelierdupeyron.com\/about-me\/\">En savoir plus\u2026<\/a><\/p>\n<\/div>\n<\/div><\/div>\n\n\n\n<div style=\"height:30px\" aria-hidden=\"true\" class=\"wp-block-spacer\"><\/div>\n\n\n\n<div class=\"wp-block-uagb-container uagb-layout-flex uagb-block-dd14607b alignwide uagb-is-root-container\">\n<div class=\"wp-block-uagb-container uagb-block-d2da8696\">\n<p>Je travaille des pi\u00e8ces utilitaires ou d\u00e9coratives en gr\u00e8s de Saint Amand ou en gr\u00e8s noir. Je cherche \u00e0 obtenir des couleurs vives, tout en \u00e9vitant la haute temp\u00e9rature dans un souci \u00e9cologique. <br><br>Je mixe le rendu brut de la terre nue avec des \u00e9maux brillants, en faisant ressortir des motifs flottants, presque coulants qui donnent du relief et du mouvement apr\u00e8s un passage \u00e0 1220\u00b0C. <br><br>Je compl\u00e8te parfois le rendu par une engobe mate assurant la transition entre la brillance de l\u2019\u00e9mail et le gr\u00e8s mis \u00e0 nu.<\/p>\n<\/div>\n\n\n\n<div class=\"wp-block-uagb-container uagb-block-eb0a2551\">\n<figure class=\"wp-block-image aligncenter size-large is-resized\"><img loading=\"lazy\" decoding=\"async\" width=\"768\" height=\"1024\" src=\"https:\/\/www.atelierdupeyron.com\/wp-content\/uploads\/2025\/03\/IMG20250111221712-768x1024.jpg\" alt=\"\" class=\"wp-image-2239\" style=\"width:300px\" srcset=\"https:\/\/www.atelierdupeyron.com\/wp-content\/uploads\/2025\/03\/IMG20250111221712-768x1024.jpg 768w, https:\/\/www.atelierdupeyron.com\/wp-content\/uploads\/2025\/03\/IMG20250111221712-225x300.jpg 225w, https:\/\/www.atelierdupeyron.com\/wp-content\/uploads\/2025\/03\/IMG20250111221712-1152x1536.jpg 1152w, https:\/\/www.atelierdupeyron.com\/wp-content\/uploads\/2025\/03\/IMG20250111221712-9x12.jpg 9w, https:\/\/www.atelierdupeyron.com\/wp-content\/uploads\/2025\/03\/IMG20250111221712-600x800.jpg 600w, https:\/\/www.atelierdupeyron.com\/wp-content\/uploads\/2025\/03\/IMG20250111221712.jpg 1440w\" sizes=\"auto, (max-width: 768px) 100vw, 768px\" \/><\/figure>\n<\/div>\n<\/div>\n\n\n\n<div style=\"height:50px\" aria-hidden=\"true\" class=\"wp-block-spacer\"><\/div>\n\n\n\n<div class=\"wp-block-uagb-container uagb-block-5a50addc alignfull uagb-is-root-container\"><div class=\"uagb-container-inner-blocks-wrap\">\n<div class=\"wp-block-uagb-container uagb-block-44203786\">\n<figure class=\"wp-block-image aligncenter size-large is-resized\"><img loading=\"lazy\" decoding=\"async\" width=\"683\" height=\"1024\" src=\"https:\/\/www.atelierdupeyron.com\/wp-content\/uploads\/2025\/03\/potters-save-the-world-683x1024.jpg\" alt=\"\" class=\"wp-image-2275\" style=\"width:300px\" srcset=\"https:\/\/www.atelierdupeyron.com\/wp-content\/uploads\/2025\/03\/potters-save-the-world-683x1024.jpg 683w, https:\/\/www.atelierdupeyron.com\/wp-content\/uploads\/2025\/03\/potters-save-the-world-200x300.jpg 200w, https:\/\/www.atelierdupeyron.com\/wp-content\/uploads\/2025\/03\/potters-save-the-world-768x1151.jpg 768w, https:\/\/www.atelierdupeyron.com\/wp-content\/uploads\/2025\/03\/potters-save-the-world-8x12.jpg 8w, https:\/\/www.atelierdupeyron.com\/wp-content\/uploads\/2025\/03\/potters-save-the-world-600x899.jpg 600w, https:\/\/www.atelierdupeyron.com\/wp-content\/uploads\/2025\/03\/potters-save-the-world.jpg 1000w\" sizes=\"auto, (max-width: 683px) 100vw, 683px\" \/><\/figure>\n<\/div>\n\n\n\n<div class=\"wp-block-uagb-container uagb-block-da5d4a91\">\n<p>Conform\u00e9ment aux suggestions du livre de Yuliya, je suis la r\u00e8gle des 5R : Refuser, R\u00e9duire, R\u00e9utiliser, R\u00e9utiliser et Recycler.<br><br>En tant que famille, nous avons toujours \u00e9t\u00e9 d\u00e9sireux d&rsquo;agir et de vivre dans le respect de l&rsquo;environnement. Aujourd&rsquo;hui, en tant que poti\u00e8re, je fais de mon mieux pour mettre en \u0153uvre de nouvelles id\u00e9es et des changements dans mon atelier afin d&rsquo;assurer autant de durabilit\u00e9 que possible.<\/p>\n<\/div>\n<\/div><\/div>\n","protected":false},"excerpt":{"rendered":"<p>Magdalena Larderet Une jeune fille qui a toujours voulu essayer la poterie est devenue une femme qui a os\u00e9 se lancer en d\u00e9cembre 2023\u2026 Et elle adore \u00e7a. Chaque pi\u00e8ce est une exploration, un dialogue entre le gr\u00e8s et mon imagination. C&rsquo;est dans cette qu\u00eate d&rsquo;authenticit\u00e9 et de spontan\u00e9it\u00e9 que je trouve une profonde satisfaction. &hellip;<\/p>\n<p class=\"read-more\"> <a class=\"\" href=\"https:\/\/www.atelierdupeyron.com\/fr\/\"> <span class=\"screen-reader-text\">Accueil<\/span> Lire la suite\u00a0\u00bb<\/a><\/p>\n","protected":false},"author":1,"featured_media":1987,"parent":0,"menu_order":0,"comment_status":"closed","ping_status":"closed","template":"","meta":{"_uag_custom_page_level_css":"","_monsterinsights_skip_tracking":false,"_monsterinsights_sitenote_active":false,"_monsterinsights_sitenote_note":"","_monsterinsights_sitenote_category":0,"site-sidebar-layout":"default","site-content-layout":"page-builder","ast-site-content-layout":"full-width-container","site-content-style":"unboxed","site-sidebar-style":"unboxed","ast-global-header-display":"","ast-banner-title-visibility":"","ast-main-header-display":"","ast-hfb-above-header-display":"","ast-hfb-below-header-display":"","ast-hfb-mobile-header-display":"","site-post-title":"disabled","ast-breadcrumbs-content":"","ast-featured-img":"","footer-sml-layout":"","theme-transparent-header-meta":"default","adv-header-id-meta":"","stick-header-meta":"","header-above-stick-meta":"","header-main-stick-meta":"","header-below-stick-meta":"","astra-migrate-meta-layouts":"set","ast-page-background-enabled":"default","ast-page-background-meta":{"desktop":{"background-color":"","background-image":"","background-repeat":"repeat","background-position":"center center","background-size":"auto","background-attachment":"scroll","background-type":"","background-media":"","overlay-type":"","overlay-color":"","overlay-gradient":""},"tablet":{"background-color":"","background-image":"","background-repeat":"repeat","background-position":"center center","background-size":"auto","background-attachment":"scroll","background-type":"","background-media":"","overlay-type":"","overlay-color":"","overlay-gradient":""},"mobile":{"background-color":"","background-image":"","background-repeat":"repeat","background-position":"center center","background-size":"auto","background-attachment":"scroll","background-type":"","background-media":"","overlay-type":"","overlay-color":"","overlay-gradient":""}},"ast-content-background-meta":{"desktop":{"background-color":"var(--ast-global-color-5)","background-image":"","background-repeat":"repeat","background-position":"center center","background-size":"auto","background-attachment":"scroll","background-type":"","background-media":"","overlay-type":"","overlay-color":"","overlay-gradient":""},"tablet":{"background-color":"var(--ast-global-color-5)","background-image":"","background-repeat":"repeat","background-position":"center center","background-size":"auto","background-attachment":"scroll","background-type":"","background-media":"","overlay-type":"","overlay-color":"","overlay-gradient":""},"mobile":{"background-color":"var(--ast-global-color-5)","background-image":"","background-repeat":"repeat","background-position":"center center","background-size":"auto","background-attachment":"scroll","background-type":"","background-media":"","overlay-type":"","overlay-color":"","overlay-gradient":""}},"footnotes":""},"class_list":["post-606","page","type-page","status-publish","has-post-thumbnail","hentry"],"yoast_head":"<!-- This site is optimized with the Yoast SEO plugin v27.5 - https:\/\/yoast.com\/product\/yoast-seo-wordpress\/ -->\n<title>Atelier du Peyron - C\u00e9ramiques en Valgaudemar<\/title>\n<meta name=\"description\" content=\"Rencontrez l&#039;artiste qui se cache derri\u00e8re l&#039;Atelier du Peyron. Une jeune fille qui a toujours voulu essayer la poterie est devenue une femme qui l&#039;a finalement fait. Et elle adore \u00e7a.\" \/>\n<meta name=\"robots\" content=\"index, follow, max-snippet:-1, max-image-preview:large, max-video-preview:-1\" \/>\n<link rel=\"canonical\" href=\"https:\/\/www.atelierdupeyron.com\/fr\/\" \/>\n<meta property=\"og:locale\" content=\"fr_FR\" \/>\n<meta property=\"og:type\" content=\"article\" \/>\n<meta property=\"og:title\" content=\"Atelier du Peyron - C\u00e9ramiques en Valgaudemar\" \/>\n<meta property=\"og:description\" content=\"Rencontrez l&#039;artiste qui se cache derri\u00e8re l&#039;Atelier du Peyron. Une jeune fille qui a toujours voulu essayer la poterie est devenue une femme qui l&#039;a finalement fait. Et elle adore \u00e7a.\" \/>\n<meta property=\"og:url\" content=\"https:\/\/www.atelierdupeyron.com\/fr\/\" \/>\n<meta property=\"og:site_name\" content=\"Atelier du Peyron\" \/>\n<meta property=\"article:publisher\" content=\"https:\/\/www.facebook.com\/people\/Atelier-du-Peyron\/61555715706113\/\" \/>\n<meta property=\"article:modified_time\" content=\"2025-03-25T15:50:48+00:00\" \/>\n<meta property=\"og:image\" content=\"https:\/\/www.atelierdupeyron.com\/wp-content\/uploads\/2024\/05\/IMG20240425200451-768x1024.jpg\" \/>\n<meta name=\"twitter:card\" content=\"summary_large_image\" \/>\n<meta name=\"twitter:label1\" content=\"Dur\u00e9e de lecture estim\u00e9e\" \/>\n\t<meta name=\"twitter:data1\" content=\"2 minutes\" \/>\n<script type=\"application\/ld+json\" class=\"yoast-schema-graph\">{\"@context\":\"https:\\\/\\\/schema.org\",\"@graph\":[{\"@type\":\"WebPage\",\"@id\":\"https:\\\/\\\/www.atelierdupeyron.com\\\/\",\"url\":\"https:\\\/\\\/www.atelierdupeyron.com\\\/\",\"name\":\"Atelier du Peyron - C\u00e9ramiques en Valgaudemar\",\"isPartOf\":{\"@id\":\"https:\\\/\\\/www.atelierdupeyron.com\\\/#website\"},\"primaryImageOfPage\":{\"@id\":\"https:\\\/\\\/www.atelierdupeyron.com\\\/#primaryimage\"},\"image\":{\"@id\":\"https:\\\/\\\/www.atelierdupeyron.com\\\/#primaryimage\"},\"thumbnailUrl\":\"https:\\\/\\\/www.atelierdupeyron.com\\\/wp-content\\\/uploads\\\/2024\\\/09\\\/IMG20240919112832.jpg\",\"datePublished\":\"2022-12-15T13:52:32+00:00\",\"dateModified\":\"2025-03-25T15:50:48+00:00\",\"description\":\"Rencontrez l'artiste qui se cache derri\u00e8re l'Atelier du Peyron. Une jeune fille qui a toujours voulu essayer la poterie est devenue une femme qui l'a finalement fait. Et elle adore \u00e7a.\",\"breadcrumb\":{\"@id\":\"https:\\\/\\\/www.atelierdupeyron.com\\\/#breadcrumb\"},\"inLanguage\":\"fr-FR\",\"potentialAction\":[{\"@type\":\"ReadAction\",\"target\":[\"https:\\\/\\\/www.atelierdupeyron.com\\\/\"]}]},{\"@type\":\"ImageObject\",\"inLanguage\":\"fr-FR\",\"@id\":\"https:\\\/\\\/www.atelierdupeyron.com\\\/#primaryimage\",\"url\":\"https:\\\/\\\/www.atelierdupeyron.com\\\/wp-content\\\/uploads\\\/2024\\\/09\\\/IMG20240919112832.jpg\",\"contentUrl\":\"https:\\\/\\\/www.atelierdupeyron.com\\\/wp-content\\\/uploads\\\/2024\\\/09\\\/IMG20240919112832.jpg\",\"width\":1440,\"height\":1920},{\"@type\":\"BreadcrumbList\",\"@id\":\"https:\\\/\\\/www.atelierdupeyron.com\\\/#breadcrumb\",\"itemListElement\":[{\"@type\":\"ListItem\",\"position\":1,\"name\":\"Home\",\"item\":\"https:\\\/\\\/www.atelierdupeyron.com\\\/\"},{\"@type\":\"ListItem\",\"position\":2,\"name\":\"Accueil\"}]},{\"@type\":\"WebSite\",\"@id\":\"https:\\\/\\\/www.atelierdupeyron.com\\\/#website\",\"url\":\"https:\\\/\\\/www.atelierdupeyron.com\\\/\",\"name\":\"Atelier du Peyron\",\"description\":\"C\u00e9ramiques en Valgaudemar\",\"publisher\":{\"@id\":\"https:\\\/\\\/www.atelierdupeyron.com\\\/#organization\"},\"potentialAction\":[{\"@type\":\"SearchAction\",\"target\":{\"@type\":\"EntryPoint\",\"urlTemplate\":\"https:\\\/\\\/www.atelierdupeyron.com\\\/?s={search_term_string}\"},\"query-input\":{\"@type\":\"PropertyValueSpecification\",\"valueRequired\":true,\"valueName\":\"search_term_string\"}}],\"inLanguage\":\"fr-FR\"},{\"@type\":\"Organization\",\"@id\":\"https:\\\/\\\/www.atelierdupeyron.com\\\/#organization\",\"name\":\"Atelier du Peyron\",\"url\":\"https:\\\/\\\/www.atelierdupeyron.com\\\/\",\"logo\":{\"@type\":\"ImageObject\",\"inLanguage\":\"fr-FR\",\"@id\":\"https:\\\/\\\/www.atelierdupeyron.com\\\/#\\\/schema\\\/logo\\\/image\\\/\",\"url\":\"https:\\\/\\\/www.atelierdupeyron.com\\\/wp-content\\\/uploads\\\/2023\\\/12\\\/cropped-logo-V3-notext-1.png\",\"contentUrl\":\"https:\\\/\\\/www.atelierdupeyron.com\\\/wp-content\\\/uploads\\\/2023\\\/12\\\/cropped-logo-V3-notext-1.png\",\"width\":375,\"height\":375,\"caption\":\"Atelier du Peyron\"},\"image\":{\"@id\":\"https:\\\/\\\/www.atelierdupeyron.com\\\/#\\\/schema\\\/logo\\\/image\\\/\"},\"sameAs\":[\"https:\\\/\\\/www.facebook.com\\\/people\\\/Atelier-du-Peyron\\\/61555715706113\\\/\",\"https:\\\/\\\/www.instagram.com\\\/atelier_du_peyron\\\/\"]}]}<\/script>\n<!-- \/ Yoast SEO plugin. -->","yoast_head_json":{"title":"Atelier du Peyron - C\u00e9ramiques en Valgaudemar","description":"Rencontrez l'artiste qui se cache derri\u00e8re l'Atelier du Peyron. Une jeune fille qui a toujours voulu essayer la poterie est devenue une femme qui l'a finalement fait. Et elle adore \u00e7a.","robots":{"index":"index","follow":"follow","max-snippet":"max-snippet:-1","max-image-preview":"max-image-preview:large","max-video-preview":"max-video-preview:-1"},"canonical":"https:\/\/www.atelierdupeyron.com\/fr\/","og_locale":"fr_FR","og_type":"article","og_title":"Atelier du Peyron - C\u00e9ramiques en Valgaudemar","og_description":"Rencontrez l'artiste qui se cache derri\u00e8re l'Atelier du Peyron. Une jeune fille qui a toujours voulu essayer la poterie est devenue une femme qui l'a finalement fait. Et elle adore \u00e7a.","og_url":"https:\/\/www.atelierdupeyron.com\/fr\/","og_site_name":"Atelier du Peyron","article_publisher":"https:\/\/www.facebook.com\/people\/Atelier-du-Peyron\/61555715706113\/","article_modified_time":"2025-03-25T15:50:48+00:00","og_image":[{"url":"https:\/\/www.atelierdupeyron.com\/wp-content\/uploads\/2024\/05\/IMG20240425200451-768x1024.jpg","type":"","width":"","height":""}],"twitter_card":"summary_large_image","twitter_misc":{"Dur\u00e9e de lecture estim\u00e9e":"2 minutes"},"schema":{"@context":"https:\/\/schema.org","@graph":[{"@type":"WebPage","@id":"https:\/\/www.atelierdupeyron.com\/","url":"https:\/\/www.atelierdupeyron.com\/","name":"Atelier du Peyron - C\u00e9ramiques en Valgaudemar","isPartOf":{"@id":"https:\/\/www.atelierdupeyron.com\/#website"},"primaryImageOfPage":{"@id":"https:\/\/www.atelierdupeyron.com\/#primaryimage"},"image":{"@id":"https:\/\/www.atelierdupeyron.com\/#primaryimage"},"thumbnailUrl":"https:\/\/www.atelierdupeyron.com\/wp-content\/uploads\/2024\/09\/IMG20240919112832.jpg","datePublished":"2022-12-15T13:52:32+00:00","dateModified":"2025-03-25T15:50:48+00:00","description":"Rencontrez l'artiste qui se cache derri\u00e8re l'Atelier du Peyron. Une jeune fille qui a toujours voulu essayer la poterie est devenue une femme qui l'a finalement fait. Et elle adore \u00e7a.","breadcrumb":{"@id":"https:\/\/www.atelierdupeyron.com\/#breadcrumb"},"inLanguage":"fr-FR","potentialAction":[{"@type":"ReadAction","target":["https:\/\/www.atelierdupeyron.com\/"]}]},{"@type":"ImageObject","inLanguage":"fr-FR","@id":"https:\/\/www.atelierdupeyron.com\/#primaryimage","url":"https:\/\/www.atelierdupeyron.com\/wp-content\/uploads\/2024\/09\/IMG20240919112832.jpg","contentUrl":"https:\/\/www.atelierdupeyron.com\/wp-content\/uploads\/2024\/09\/IMG20240919112832.jpg","width":1440,"height":1920},{"@type":"BreadcrumbList","@id":"https:\/\/www.atelierdupeyron.com\/#breadcrumb","itemListElement":[{"@type":"ListItem","position":1,"name":"Home","item":"https:\/\/www.atelierdupeyron.com\/"},{"@type":"ListItem","position":2,"name":"Accueil"}]},{"@type":"WebSite","@id":"https:\/\/www.atelierdupeyron.com\/#website","url":"https:\/\/www.atelierdupeyron.com\/","name":"Atelier du Peyron","description":"C\u00e9ramiques en Valgaudemar","publisher":{"@id":"https:\/\/www.atelierdupeyron.com\/#organization"},"potentialAction":[{"@type":"SearchAction","target":{"@type":"EntryPoint","urlTemplate":"https:\/\/www.atelierdupeyron.com\/?s={search_term_string}"},"query-input":{"@type":"PropertyValueSpecification","valueRequired":true,"valueName":"search_term_string"}}],"inLanguage":"fr-FR"},{"@type":"Organization","@id":"https:\/\/www.atelierdupeyron.com\/#organization","name":"Atelier du Peyron","url":"https:\/\/www.atelierdupeyron.com\/","logo":{"@type":"ImageObject","inLanguage":"fr-FR","@id":"https:\/\/www.atelierdupeyron.com\/#\/schema\/logo\/image\/","url":"https:\/\/www.atelierdupeyron.com\/wp-content\/uploads\/2023\/12\/cropped-logo-V3-notext-1.png","contentUrl":"https:\/\/www.atelierdupeyron.com\/wp-content\/uploads\/2023\/12\/cropped-logo-V3-notext-1.png","width":375,"height":375,"caption":"Atelier du Peyron"},"image":{"@id":"https:\/\/www.atelierdupeyron.com\/#\/schema\/logo\/image\/"},"sameAs":["https:\/\/www.facebook.com\/people\/Atelier-du-Peyron\/61555715706113\/","https:\/\/www.instagram.com\/atelier_du_peyron\/"]}]}},"uagb_featured_image_src":{"full":["https:\/\/www.atelierdupeyron.com\/wp-content\/uploads\/2024\/09\/IMG20240919112832.jpg",1440,1920,false],"thumbnail":["https:\/\/www.atelierdupeyron.com\/wp-content\/uploads\/2024\/09\/IMG20240919112832-150x150.jpg",150,150,true],"medium":["https:\/\/www.atelierdupeyron.com\/wp-content\/uploads\/2024\/09\/IMG20240919112832-225x300.jpg",225,300,true],"medium_large":["https:\/\/www.atelierdupeyron.com\/wp-content\/uploads\/2024\/09\/IMG20240919112832-768x1024.jpg",768,1024,true],"large":["https:\/\/www.atelierdupeyron.com\/wp-content\/uploads\/2024\/09\/IMG20240919112832-768x1024.jpg",768,1024,true],"1536x1536":["https:\/\/www.atelierdupeyron.com\/wp-content\/uploads\/2024\/09\/IMG20240919112832-1152x1536.jpg",1152,1536,true],"2048x2048":["https:\/\/www.atelierdupeyron.com\/wp-content\/uploads\/2024\/09\/IMG20240919112832.jpg",1440,1920,false],"trp-custom-language-flag":["https:\/\/www.atelierdupeyron.com\/wp-content\/uploads\/2024\/09\/IMG20240919112832-9x12.jpg",9,12,true],"woocommerce_thumbnail":["https:\/\/www.atelierdupeyron.com\/wp-content\/uploads\/2024\/09\/IMG20240919112832-300x300.jpg",300,300,true],"woocommerce_single":["https:\/\/www.atelierdupeyron.com\/wp-content\/uploads\/2024\/09\/IMG20240919112832-600x800.jpg",600,800,true],"woocommerce_gallery_thumbnail":["https:\/\/www.atelierdupeyron.com\/wp-content\/uploads\/2024\/09\/IMG20240919112832-100x100.jpg",100,100,true]},"uagb_author_info":{"display_name":"atelierdupeyron","author_link":"https:\/\/www.atelierdupeyron.com\/fr\/author\/atelierdupeyron\/"},"uagb_comment_info":0,"uagb_excerpt":"Magdalena Larderet Une jeune fille qui a toujours voulu essayer la poterie est devenue une femme qui a os\u00e9 se lancer en d\u00e9cembre 2023\u2026 Et elle adore \u00e7a. Chaque pi\u00e8ce est une exploration, un dialogue entre le gr\u00e8s et mon imagination. C&rsquo;est dans cette qu\u00eate d&rsquo;authenticit\u00e9 et de spontan\u00e9it\u00e9 que je trouve une profonde satisfaction.\u2026","_links":{"self":[{"href":"https:\/\/www.atelierdupeyron.com\/fr\/wp-json\/wp\/v2\/pages\/606","targetHints":{"allow":["GET"]}}],"collection":[{"href":"https:\/\/www.atelierdupeyron.com\/fr\/wp-json\/wp\/v2\/pages"}],"about":[{"href":"https:\/\/www.atelierdupeyron.com\/fr\/wp-json\/wp\/v2\/types\/page"}],"author":[{"embeddable":true,"href":"https:\/\/www.atelierdupeyron.com\/fr\/wp-json\/wp\/v2\/users\/1"}],"replies":[{"embeddable":true,"href":"https:\/\/www.atelierdupeyron.com\/fr\/wp-json\/wp\/v2\/comments?post=606"}],"version-history":[{"count":142,"href":"https:\/\/www.atelierdupeyron.com\/fr\/wp-json\/wp\/v2\/pages\/606\/revisions"}],"predecessor-version":[{"id":2316,"href":"https:\/\/www.atelierdupeyron.com\/fr\/wp-json\/wp\/v2\/pages\/606\/revisions\/2316"}],"wp:featuredmedia":[{"embeddable":true,"href":"https:\/\/www.atelierdupeyron.com\/fr\/wp-json\/wp\/v2\/media\/1987"}],"wp:attachment":[{"href":"https:\/\/www.atelierdupeyron.com\/fr\/wp-json\/wp\/v2\/media?parent=606"}],"curies":[{"name":"wp","href":"https:\/\/api.w.org\/{rel}","templated":true}]}}