{"id":2373,"date":"2025-04-19T12:09:00","date_gmt":"2025-04-19T11:09:00","guid":{"rendered":"https:\/\/www.atelierdupeyron.com\/?post_type=product&#038;p=2373"},"modified":"2025-04-19T13:32:31","modified_gmt":"2025-04-19T12:32:31","slug":"cours2h","status":"publish","type":"product","link":"https:\/\/www.atelierdupeyron.com\/fr\/product\/cours2h\/","title":{"rendered":"R\u00e9servez un cours de poterie"},"content":{"rendered":"<p>Ceci vous permets de payer vos cours de tournage \u00e0 l&rsquo;Atelier du Peyron.<\/p>\n<h3>Avant de payer<\/h3>\n<h5>contactez Magdalena pour connaitre ses disponibilit\u00e9s et pr\u00e9voir un rendez-vous.<\/h5>\n","protected":false},"excerpt":{"rendered":"<p>Ceci vous permets de payer vos cours de tournage \u00e0 l&rsquo;Atelier du Peyron. Avant de payer contactez Magdalena pour connaitre ses disponibilit\u00e9s et pr\u00e9voir un rendez-vous.<\/p>\n","protected":false},"featured_media":2382,"comment_status":"open","ping_status":"closed","template":"","meta":{"_uag_custom_page_level_css":"","_monsterinsights_skip_tracking":false,"_monsterinsights_sitenote_active":false,"_monsterinsights_sitenote_note":"","_monsterinsights_sitenote_category":0,"site-sidebar-layout":"default","site-content-layout":"","ast-site-content-layout":"default","site-content-style":"default","site-sidebar-style":"default","ast-global-header-display":"","ast-banner-title-visibility":"","ast-main-header-display":"","ast-hfb-above-header-display":"","ast-hfb-below-header-display":"","ast-hfb-mobile-header-display":"","site-post-title":"","ast-breadcrumbs-content":"","ast-featured-img":"","footer-sml-layout":"","theme-transparent-header-meta":"default","adv-header-id-meta":"","stick-header-meta":"","header-above-stick-meta":"","header-main-stick-meta":"","header-below-stick-meta":"","astra-migrate-meta-layouts":"set","ast-page-background-enabled":"default","ast-page-background-meta":{"desktop":{"background-color":"","background-image":"","background-repeat":"repeat","background-position":"center center","background-size":"auto","background-attachment":"scroll","background-type":"","background-media":"","overlay-type":"","overlay-color":"","overlay-gradient":""},"tablet":{"background-color":"","background-image":"","background-repeat":"repeat","background-position":"center center","background-size":"auto","background-attachment":"scroll","background-type":"","background-media":"","overlay-type":"","overlay-color":"","overlay-gradient":""},"mobile":{"background-color":"","background-image":"","background-repeat":"repeat","background-position":"center center","background-size":"auto","background-attachment":"scroll","background-type":"","background-media":"","overlay-type":"","overlay-color":"","overlay-gradient":""}},"ast-content-background-meta":{"desktop":{"background-color":"var(--ast-global-color-5)","background-image":"","background-repeat":"repeat","background-position":"center center","background-size":"auto","background-attachment":"scroll","background-type":"","background-media":"","overlay-type":"","overlay-color":"","overlay-gradient":""},"tablet":{"background-color":"var(--ast-global-color-5)","background-image":"","background-repeat":"repeat","background-position":"center center","background-size":"auto","background-attachment":"scroll","background-type":"","background-media":"","overlay-type":"","overlay-color":"","overlay-gradient":""},"mobile":{"background-color":"var(--ast-global-color-5)","background-image":"","background-repeat":"repeat","background-position":"center center","background-size":"auto","background-attachment":"scroll","background-type":"","background-media":"","overlay-type":"","overlay-color":"","overlay-gradient":""}}},"product_brand":[],"product_cat":[56],"product_tag":[],"class_list":{"0":"post-2373","1":"product","2":"type-product","3":"status-publish","4":"has-post-thumbnail","6":"product_cat-cours","7":"desktop-align-left","8":"tablet-align-left","9":"mobile-align-left","11":"first","12":"instock","13":"shipping-taxable","14":"purchasable","15":"product-type-variable"},"yoast_head":"<!-- This site is optimized with the Yoast SEO plugin v27.5 - https:\/\/yoast.com\/product\/yoast-seo-wordpress\/ -->\n<title>R\u00e9servez un cours de poterie - Atelier du Peyron<\/title>\n<meta name=\"robots\" content=\"index, follow, max-snippet:-1, max-image-preview:large, max-video-preview:-1\" \/>\n<link rel=\"canonical\" href=\"https:\/\/www.atelierdupeyron.com\/fr\/product\/cours2h\/\" \/>\n<meta property=\"og:locale\" content=\"fr_FR\" \/>\n<meta property=\"og:type\" content=\"article\" \/>\n<meta property=\"og:title\" content=\"R\u00e9servez un cours de poterie - Atelier du Peyron\" \/>\n<meta property=\"og:description\" content=\"Ceci vous permets de payer vos cours de tournage \u00e0 l&rsquo;Atelier du Peyron. Avant de payer contactez Magdalena pour connaitre ses disponibilit\u00e9s et pr\u00e9voir un rendez-vous.\" \/>\n<meta property=\"og:url\" content=\"https:\/\/www.atelierdupeyron.com\/fr\/product\/cours2h\/\" \/>\n<meta property=\"og:site_name\" content=\"Atelier du Peyron\" \/>\n<meta property=\"article:publisher\" content=\"https:\/\/www.facebook.com\/people\/Atelier-du-Peyron\/61555715706113\/\" \/>\n<meta property=\"article:modified_time\" content=\"2025-04-19T12:32:31+00:00\" \/>\n<meta property=\"og:image\" content=\"https:\/\/www.atelierdupeyron.com\/wp-content\/uploads\/2025\/04\/IMG20250415171319.jpg\" \/>\n\t<meta property=\"og:image:width\" content=\"1440\" \/>\n\t<meta property=\"og:image:height\" content=\"1920\" \/>\n\t<meta property=\"og:image:type\" content=\"image\/jpeg\" \/>\n<meta name=\"twitter:card\" content=\"summary_large_image\" \/>\n<meta name=\"twitter:label1\" content=\"Dur\u00e9e de lecture estim\u00e9e\" \/>\n\t<meta name=\"twitter:data1\" content=\"1 minute\" \/>\n<script type=\"application\/ld+json\" class=\"yoast-schema-graph\">{\"@context\":\"https:\\\/\\\/schema.org\",\"@graph\":[{\"@type\":\"WebPage\",\"@id\":\"https:\\\/\\\/www.atelierdupeyron.com\\\/fr\\\/product\\\/cours2h\\\/\",\"url\":\"https:\\\/\\\/www.atelierdupeyron.com\\\/fr\\\/product\\\/cours2h\\\/\",\"name\":\"R\u00e9servez un cours de poterie - Atelier du Peyron\",\"isPartOf\":{\"@id\":\"https:\\\/\\\/www.atelierdupeyron.com\\\/#website\"},\"primaryImageOfPage\":{\"@id\":\"https:\\\/\\\/www.atelierdupeyron.com\\\/fr\\\/product\\\/cours2h\\\/#primaryimage\"},\"image\":{\"@id\":\"https:\\\/\\\/www.atelierdupeyron.com\\\/fr\\\/product\\\/cours2h\\\/#primaryimage\"},\"thumbnailUrl\":\"https:\\\/\\\/www.atelierdupeyron.com\\\/wp-content\\\/uploads\\\/2025\\\/04\\\/IMG20250415171319.jpg\",\"datePublished\":\"2025-04-19T11:09:00+00:00\",\"dateModified\":\"2025-04-19T12:32:31+00:00\",\"breadcrumb\":{\"@id\":\"https:\\\/\\\/www.atelierdupeyron.com\\\/fr\\\/product\\\/cours2h\\\/#breadcrumb\"},\"inLanguage\":\"fr-FR\",\"potentialAction\":[{\"@type\":\"ReadAction\",\"target\":[\"https:\\\/\\\/www.atelierdupeyron.com\\\/fr\\\/product\\\/cours2h\\\/\"]}]},{\"@type\":\"ImageObject\",\"inLanguage\":\"fr-FR\",\"@id\":\"https:\\\/\\\/www.atelierdupeyron.com\\\/fr\\\/product\\\/cours2h\\\/#primaryimage\",\"url\":\"https:\\\/\\\/www.atelierdupeyron.com\\\/wp-content\\\/uploads\\\/2025\\\/04\\\/IMG20250415171319.jpg\",\"contentUrl\":\"https:\\\/\\\/www.atelierdupeyron.com\\\/wp-content\\\/uploads\\\/2025\\\/04\\\/IMG20250415171319.jpg\",\"width\":1440,\"height\":1920},{\"@type\":\"BreadcrumbList\",\"@id\":\"https:\\\/\\\/www.atelierdupeyron.com\\\/fr\\\/product\\\/cours2h\\\/#breadcrumb\",\"itemListElement\":[{\"@type\":\"ListItem\",\"position\":1,\"name\":\"Home\",\"item\":\"https:\\\/\\\/www.atelierdupeyron.com\\\/\"},{\"@type\":\"ListItem\",\"position\":2,\"name\":\"Boutique\",\"item\":\"https:\\\/\\\/www.atelierdupeyron.com\\\/boutique\\\/\"},{\"@type\":\"ListItem\",\"position\":3,\"name\":\"R\u00e9servez un cours de poterie\"}]},{\"@type\":\"WebSite\",\"@id\":\"https:\\\/\\\/www.atelierdupeyron.com\\\/#website\",\"url\":\"https:\\\/\\\/www.atelierdupeyron.com\\\/\",\"name\":\"Atelier du Peyron\",\"description\":\"C\u00e9ramiques en Valgaudemar\",\"publisher\":{\"@id\":\"https:\\\/\\\/www.atelierdupeyron.com\\\/#organization\"},\"potentialAction\":[{\"@type\":\"SearchAction\",\"target\":{\"@type\":\"EntryPoint\",\"urlTemplate\":\"https:\\\/\\\/www.atelierdupeyron.com\\\/?s={search_term_string}\"},\"query-input\":{\"@type\":\"PropertyValueSpecification\",\"valueRequired\":true,\"valueName\":\"search_term_string\"}}],\"inLanguage\":\"fr-FR\"},{\"@type\":\"Organization\",\"@id\":\"https:\\\/\\\/www.atelierdupeyron.com\\\/#organization\",\"name\":\"Atelier du Peyron\",\"url\":\"https:\\\/\\\/www.atelierdupeyron.com\\\/\",\"logo\":{\"@type\":\"ImageObject\",\"inLanguage\":\"fr-FR\",\"@id\":\"https:\\\/\\\/www.atelierdupeyron.com\\\/#\\\/schema\\\/logo\\\/image\\\/\",\"url\":\"https:\\\/\\\/www.atelierdupeyron.com\\\/wp-content\\\/uploads\\\/2023\\\/12\\\/cropped-logo-V3-notext-1.png\",\"contentUrl\":\"https:\\\/\\\/www.atelierdupeyron.com\\\/wp-content\\\/uploads\\\/2023\\\/12\\\/cropped-logo-V3-notext-1.png\",\"width\":375,\"height\":375,\"caption\":\"Atelier du Peyron\"},\"image\":{\"@id\":\"https:\\\/\\\/www.atelierdupeyron.com\\\/#\\\/schema\\\/logo\\\/image\\\/\"},\"sameAs\":[\"https:\\\/\\\/www.facebook.com\\\/people\\\/Atelier-du-Peyron\\\/61555715706113\\\/\",\"https:\\\/\\\/www.instagram.com\\\/atelier_du_peyron\\\/\"]}]}<\/script>\n<!-- \/ Yoast SEO plugin. -->","yoast_head_json":{"title":"R\u00e9servez un cours de poterie - Atelier du Peyron","robots":{"index":"index","follow":"follow","max-snippet":"max-snippet:-1","max-image-preview":"max-image-preview:large","max-video-preview":"max-video-preview:-1"},"canonical":"https:\/\/www.atelierdupeyron.com\/fr\/product\/cours2h\/","og_locale":"fr_FR","og_type":"article","og_title":"R\u00e9servez un cours de poterie - Atelier du Peyron","og_description":"Ceci vous permets de payer vos cours de tournage \u00e0 l&rsquo;Atelier du Peyron. Avant de payer contactez Magdalena pour connaitre ses disponibilit\u00e9s et pr\u00e9voir un rendez-vous.","og_url":"https:\/\/www.atelierdupeyron.com\/fr\/product\/cours2h\/","og_site_name":"Atelier du Peyron","article_publisher":"https:\/\/www.facebook.com\/people\/Atelier-du-Peyron\/61555715706113\/","article_modified_time":"2025-04-19T12:32:31+00:00","og_image":[{"width":1440,"height":1920,"url":"https:\/\/www.atelierdupeyron.com\/wp-content\/uploads\/2025\/04\/IMG20250415171319.jpg","type":"image\/jpeg"}],"twitter_card":"summary_large_image","twitter_misc":{"Dur\u00e9e de lecture estim\u00e9e":"1 minute"},"schema":{"@context":"https:\/\/schema.org","@graph":[{"@type":"WebPage","@id":"https:\/\/www.atelierdupeyron.com\/fr\/product\/cours2h\/","url":"https:\/\/www.atelierdupeyron.com\/fr\/product\/cours2h\/","name":"R\u00e9servez un cours de poterie - Atelier du Peyron","isPartOf":{"@id":"https:\/\/www.atelierdupeyron.com\/#website"},"primaryImageOfPage":{"@id":"https:\/\/www.atelierdupeyron.com\/fr\/product\/cours2h\/#primaryimage"},"image":{"@id":"https:\/\/www.atelierdupeyron.com\/fr\/product\/cours2h\/#primaryimage"},"thumbnailUrl":"https:\/\/www.atelierdupeyron.com\/wp-content\/uploads\/2025\/04\/IMG20250415171319.jpg","datePublished":"2025-04-19T11:09:00+00:00","dateModified":"2025-04-19T12:32:31+00:00","breadcrumb":{"@id":"https:\/\/www.atelierdupeyron.com\/fr\/product\/cours2h\/#breadcrumb"},"inLanguage":"fr-FR","potentialAction":[{"@type":"ReadAction","target":["https:\/\/www.atelierdupeyron.com\/fr\/product\/cours2h\/"]}]},{"@type":"ImageObject","inLanguage":"fr-FR","@id":"https:\/\/www.atelierdupeyron.com\/fr\/product\/cours2h\/#primaryimage","url":"https:\/\/www.atelierdupeyron.com\/wp-content\/uploads\/2025\/04\/IMG20250415171319.jpg","contentUrl":"https:\/\/www.atelierdupeyron.com\/wp-content\/uploads\/2025\/04\/IMG20250415171319.jpg","width":1440,"height":1920},{"@type":"BreadcrumbList","@id":"https:\/\/www.atelierdupeyron.com\/fr\/product\/cours2h\/#breadcrumb","itemListElement":[{"@type":"ListItem","position":1,"name":"Home","item":"https:\/\/www.atelierdupeyron.com\/"},{"@type":"ListItem","position":2,"name":"Boutique","item":"https:\/\/www.atelierdupeyron.com\/boutique\/"},{"@type":"ListItem","position":3,"name":"R\u00e9servez un cours de poterie"}]},{"@type":"WebSite","@id":"https:\/\/www.atelierdupeyron.com\/#website","url":"https:\/\/www.atelierdupeyron.com\/","name":"Atelier du Peyron","description":"C\u00e9ramiques en Valgaudemar","publisher":{"@id":"https:\/\/www.atelierdupeyron.com\/#organization"},"potentialAction":[{"@type":"SearchAction","target":{"@type":"EntryPoint","urlTemplate":"https:\/\/www.atelierdupeyron.com\/?s={search_term_string}"},"query-input":{"@type":"PropertyValueSpecification","valueRequired":true,"valueName":"search_term_string"}}],"inLanguage":"fr-FR"},{"@type":"Organization","@id":"https:\/\/www.atelierdupeyron.com\/#organization","name":"Atelier du Peyron","url":"https:\/\/www.atelierdupeyron.com\/","logo":{"@type":"ImageObject","inLanguage":"fr-FR","@id":"https:\/\/www.atelierdupeyron.com\/#\/schema\/logo\/image\/","url":"https:\/\/www.atelierdupeyron.com\/wp-content\/uploads\/2023\/12\/cropped-logo-V3-notext-1.png","contentUrl":"https:\/\/www.atelierdupeyron.com\/wp-content\/uploads\/2023\/12\/cropped-logo-V3-notext-1.png","width":375,"height":375,"caption":"Atelier du Peyron"},"image":{"@id":"https:\/\/www.atelierdupeyron.com\/#\/schema\/logo\/image\/"},"sameAs":["https:\/\/www.facebook.com\/people\/Atelier-du-Peyron\/61555715706113\/","https:\/\/www.instagram.com\/atelier_du_peyron\/"]}]}},"uagb_featured_image_src":{"full":["https:\/\/www.atelierdupeyron.com\/wp-content\/uploads\/2025\/04\/IMG20250415171319.jpg",1440,1920,false],"thumbnail":["https:\/\/www.atelierdupeyron.com\/wp-content\/uploads\/2025\/04\/IMG20250415171319-150x150.jpg",150,150,true],"medium":["https:\/\/www.atelierdupeyron.com\/wp-content\/uploads\/2025\/04\/IMG20250415171319-225x300.jpg",225,300,true],"medium_large":["https:\/\/www.atelierdupeyron.com\/wp-content\/uploads\/2025\/04\/IMG20250415171319-768x1024.jpg",768,1024,true],"large":["https:\/\/www.atelierdupeyron.com\/wp-content\/uploads\/2025\/04\/IMG20250415171319-768x1024.jpg",768,1024,true],"1536x1536":["https:\/\/www.atelierdupeyron.com\/wp-content\/uploads\/2025\/04\/IMG20250415171319-1152x1536.jpg",1152,1536,true],"2048x2048":["https:\/\/www.atelierdupeyron.com\/wp-content\/uploads\/2025\/04\/IMG20250415171319.jpg",1440,1920,false],"trp-custom-language-flag":["https:\/\/www.atelierdupeyron.com\/wp-content\/uploads\/2025\/04\/IMG20250415171319-9x12.jpg",9,12,true],"woocommerce_thumbnail":["https:\/\/www.atelierdupeyron.com\/wp-content\/uploads\/2025\/04\/IMG20250415171319-300x300.jpg",300,300,true],"woocommerce_single":["https:\/\/www.atelierdupeyron.com\/wp-content\/uploads\/2025\/04\/IMG20250415171319-600x800.jpg",600,800,true],"woocommerce_gallery_thumbnail":["https:\/\/www.atelierdupeyron.com\/wp-content\/uploads\/2025\/04\/IMG20250415171319-100x100.jpg",100,100,true]},"uagb_author_info":{"display_name":"atelierdupeyron","author_link":"https:\/\/www.atelierdupeyron.com\/fr\/author\/"},"uagb_comment_info":0,"uagb_excerpt":"Ceci vous permets de payer vos cours de tournage \u00e0 l&rsquo;Atelier du Peyron. Avant de payer contactez Magdalena pour connaitre ses disponibilit\u00e9s et pr\u00e9voir un rendez-vous.","_links":{"self":[{"href":"https:\/\/www.atelierdupeyron.com\/fr\/wp-json\/wp\/v2\/product\/2373","targetHints":{"allow":["GET"]}}],"collection":[{"href":"https:\/\/www.atelierdupeyron.com\/fr\/wp-json\/wp\/v2\/product"}],"about":[{"href":"https:\/\/www.atelierdupeyron.com\/fr\/wp-json\/wp\/v2\/types\/product"}],"replies":[{"embeddable":true,"href":"https:\/\/www.atelierdupeyron.com\/fr\/wp-json\/wp\/v2\/comments?post=2373"}],"wp:featuredmedia":[{"embeddable":true,"href":"https:\/\/www.atelierdupeyron.com\/fr\/wp-json\/wp\/v2\/media\/2382"}],"wp:attachment":[{"href":"https:\/\/www.atelierdupeyron.com\/fr\/wp-json\/wp\/v2\/media?parent=2373"}],"wp:term":[{"taxonomy":"product_brand","embeddable":true,"href":"https:\/\/www.atelierdupeyron.com\/fr\/wp-json\/wp\/v2\/product_brand?post=2373"},{"taxonomy":"product_cat","embeddable":true,"href":"https:\/\/www.atelierdupeyron.com\/fr\/wp-json\/wp\/v2\/product_cat?post=2373"},{"taxonomy":"product_tag","embeddable":true,"href":"https:\/\/www.atelierdupeyron.com\/fr\/wp-json\/wp\/v2\/product_tag?post=2373"}],"curies":[{"name":"wp","href":"https:\/\/api.w.org\/{rel}","templated":true}]}}